{"id":88,"date":"2020-01-14T15:04:54","date_gmt":"2020-01-14T14:04:54","guid":{"rendered":"https:\/\/investdiscount.de\/?page_id=88"},"modified":"2020-01-14T20:24:31","modified_gmt":"2020-01-14T19:24:31","slug":"wechselpraemien","status":"publish","type":"page","link":"https:\/\/investdiscount.de\/?page_id=88","title":{"rendered":"Wechselpr\u00e4mien"},"content":{"rendered":"\t\t<div data-elementor-type=\"wp-page\" data-elementor-id=\"88\" class=\"elementor elementor-88\">\n\t\t\t\t\t\t<section class=\"elementor-section elementor-top-section elementor-element elementor-element-33aec86 elementor-section-boxed elementor-section-height-default elementor-section-height-default\" data-id=\"33aec86\" data-element_type=\"section\" data-e-type=\"section\">\n\t\t\t\t\t\t<div class=\"elementor-container elementor-column-gap-default\">\n\t\t\t\t\t<div class=\"elementor-column elementor-col-100 elementor-top-column elementor-element elementor-element-f63bf9b\" data-id=\"f63bf9b\" data-element_type=\"column\" data-e-type=\"column\">\n\t\t\t<div class=\"elementor-widget-wrap elementor-element-populated\">\n\t\t\t\t\t\t<div class=\"elementor-element elementor-element-6936695 elementor-widget elementor-widget-heading\" data-id=\"6936695\" data-element_type=\"widget\" data-e-type=\"widget\" data-widget_type=\"heading.default\">\n\t\t\t\t<div class=\"elementor-widget-container\">\n\t\t\t\t\t<h1 class=\"elementor-heading-title elementor-size-default\">So rentabel ist der Depotwechsel zu investdiscount.de f\u00fcr Sie<\/h1>\t\t\t\t<\/div>\n\t\t\t\t<\/div>\n\t\t\t\t\t<\/div>\n\t\t<\/div>\n\t\t\t\t\t<\/div>\n\t\t<\/section>\n\t\t\t\t<section class=\"elementor-section elementor-top-section elementor-element elementor-element-3675d88 elementor-section-boxed elementor-section-height-default elementor-section-height-default\" data-id=\"3675d88\" data-element_type=\"section\" data-e-type=\"section\">\n\t\t\t\t\t\t<div class=\"elementor-container elementor-column-gap-default\">\n\t\t\t\t\t<div class=\"elementor-column elementor-col-100 elementor-top-column elementor-element elementor-element-f9ae49c\" data-id=\"f9ae49c\" data-element_type=\"column\" data-e-type=\"column\">\n\t\t\t<div class=\"elementor-widget-wrap elementor-element-populated\">\n\t\t\t\t\t\t<div class=\"elementor-element elementor-element-7d1d8d6 elementor-widget elementor-widget-text-editor\" data-id=\"7d1d8d6\" data-element_type=\"widget\" data-e-type=\"widget\" data-widget_type=\"text-editor.default\">\n\t\t\t\t<div class=\"elementor-widget-container\">\n\t\t\t\t\t\t\t\t\t<p><strong>Sichern Sie sich eine hohe Barpr\u00e4mie mit Ihrem Depotwechsel zu investdiscount.de und profitieren Sie dauerhaft von unseren besonders g\u00fcnstigen Konditionen &#8211; so machen Sie Ihre Anlagen noch gewinnbringender!<\/strong><\/p>\t\t\t\t\t\t\t\t<\/div>\n\t\t\t\t<\/div>\n\t\t\t\t\t<\/div>\n\t\t<\/div>\n\t\t\t\t\t<\/div>\n\t\t<\/section>\n\t\t\t\t<section class=\"elementor-section elementor-top-section elementor-element elementor-element-81e0d40 elementor-section-boxed elementor-section-height-default elementor-section-height-default\" data-id=\"81e0d40\" data-element_type=\"section\" data-e-type=\"section\">\n\t\t\t\t\t\t<div class=\"elementor-container elementor-column-gap-default\">\n\t\t\t\t\t<div class=\"elementor-column elementor-col-100 elementor-top-column elementor-element elementor-element-9674cfd\" data-id=\"9674cfd\" data-element_type=\"column\" data-e-type=\"column\">\n\t\t\t<div class=\"elementor-widget-wrap elementor-element-populated\">\n\t\t\t\t\t\t<div class=\"elementor-element elementor-element-f9de9fd elementor-widget elementor-widget-heading\" data-id=\"f9de9fd\" data-element_type=\"widget\" data-e-type=\"widget\" data-widget_type=\"heading.default\">\n\t\t\t\t<div class=\"elementor-widget-container\">\n\t\t\t\t\t<h2 class=\"elementor-heading-title elementor-size-default\">Und so einfach ist der Depotwechsel<\/h2>\t\t\t\t<\/div>\n\t\t\t\t<\/div>\n\t\t\t\t\t<\/div>\n\t\t<\/div>\n\t\t\t\t\t<\/div>\n\t\t<\/section>\n\t\t\t\t<section class=\"elementor-section elementor-top-section elementor-element elementor-element-f5dd7d3 elementor-section-boxed elementor-section-height-default elementor-section-height-default\" data-id=\"f5dd7d3\" data-element_type=\"section\" data-e-type=\"section\">\n\t\t\t\t\t\t<div class=\"elementor-container elementor-column-gap-default\">\n\t\t\t\t\t<div class=\"elementor-column elementor-col-100 elementor-top-column elementor-element elementor-element-b2c9eb7\" data-id=\"b2c9eb7\" data-element_type=\"column\" data-e-type=\"column\">\n\t\t\t<div class=\"elementor-widget-wrap elementor-element-populated\">\n\t\t\t\t\t\t<div class=\"elementor-element elementor-element-4e50e61 elementor-widget elementor-widget-text-editor\" data-id=\"4e50e61\" data-element_type=\"widget\" data-e-type=\"widget\" data-widget_type=\"text-editor.default\">\n\t\t\t\t<div class=\"elementor-widget-container\">\n\t\t\t\t\t\t\t\t\t<p><strong>Wenn Sie bereits ein Depot bei einer Depotbank haben, mit der investdiscount.de zusammenarbeitet:<\/strong><\/p><p>Sie k\u00f6nnen einen schnellen und kostenlosen Vermittlerwechsel zu investdiscount.de vornehmen. Das Formular hierzu erhalten Sie von investdiscount.de nach Einsendung Ihrer &#8222;Anforderung der Depotwechselpr\u00e4mie&#8220;<\/p><p><strong>Wenn Ihr Depot bei einer Bank oder Sparkasse gef\u00fchrt wird:<\/strong><\/p><p>Hier k\u00f6nnen Sie einen kostenlosen \u00dcbertrag der Fondsanteile zugunsten des bei investdiscount.de bestehenden oder er\u00f6ffneten Depots veranlassen. Das Formular hierzu erhalten Sie von investdiscount.de nach Einsendung Ihrer &#8222;Anforderung der Depotwechselpr\u00e4mie&#8220;<\/p><p><strong>Sie haben bereits Fonds, aber noch kein Depot bei investdiscount.de\u00a0\u00a0<\/strong><\/p><p>Er\u00f6ffnen Sie hier ein Depot und \u00fcbertragen dann Ihre Fonds mit dem entsprechenden Formular. Das Formular hierzu erhalten Sie von investdiscount.de nach Einsendung Ihrer &#8222;Anforderung der Depotwechselpr\u00e4mie&#8220;<\/p>\t\t\t\t\t\t\t\t<\/div>\n\t\t\t\t<\/div>\n\t\t\t\t\t<\/div>\n\t\t<\/div>\n\t\t\t\t\t<\/div>\n\t\t<\/section>\n\t\t\t\t<section class=\"elementor-section elementor-top-section elementor-element elementor-element-fda1266 elementor-section-boxed elementor-section-height-default elementor-section-height-default\" data-id=\"fda1266\" data-element_type=\"section\" data-e-type=\"section\">\n\t\t\t\t\t\t<div class=\"elementor-container elementor-column-gap-default\">\n\t\t\t\t\t<div class=\"elementor-column elementor-col-100 elementor-top-column elementor-element elementor-element-580a5cb\" data-id=\"580a5cb\" data-element_type=\"column\" data-e-type=\"column\">\n\t\t\t<div class=\"elementor-widget-wrap elementor-element-populated\">\n\t\t\t\t\t\t<div class=\"elementor-element elementor-element-57a18be elementor-widget elementor-widget-heading\" data-id=\"57a18be\" data-element_type=\"widget\" data-e-type=\"widget\" data-widget_type=\"heading.default\">\n\t\t\t\t<div class=\"elementor-widget-container\">\n\t\t\t\t\t<h2 class=\"elementor-heading-title elementor-size-default\">Und so sieht Ihr Vorteil aus:<\/h2>\t\t\t\t<\/div>\n\t\t\t\t<\/div>\n\t\t\t\t\t<\/div>\n\t\t<\/div>\n\t\t\t\t\t<\/div>\n\t\t<\/section>\n\t\t\t\t<section class=\"elementor-section elementor-top-section elementor-element elementor-element-f829a7e elementor-section-boxed elementor-section-height-default elementor-section-height-default\" data-id=\"f829a7e\" data-element_type=\"section\" data-e-type=\"section\">\n\t\t\t\t\t\t<div class=\"elementor-container elementor-column-gap-default\">\n\t\t\t\t\t<div class=\"elementor-column elementor-col-100 elementor-top-column elementor-element elementor-element-4ceb27c\" data-id=\"4ceb27c\" data-element_type=\"column\" data-e-type=\"column\">\n\t\t\t<div class=\"elementor-widget-wrap elementor-element-populated\">\n\t\t\t\t\t\t<section class=\"elementor-section elementor-inner-section elementor-element elementor-element-35ee030 elementor-section-boxed elementor-section-height-default elementor-section-height-default\" data-id=\"35ee030\" data-element_type=\"section\" data-e-type=\"section\">\n\t\t\t\t\t\t<div class=\"elementor-container elementor-column-gap-default\">\n\t\t\t\t\t<div class=\"elementor-column elementor-col-50 elementor-inner-column elementor-element elementor-element-b6974f9\" data-id=\"b6974f9\" data-element_type=\"column\" data-e-type=\"column\">\n\t\t\t<div class=\"elementor-widget-wrap elementor-element-populated\">\n\t\t\t\t\t\t<div class=\"elementor-element elementor-element-eba86a8 elementor-widget elementor-widget-text-editor\" data-id=\"eba86a8\" data-element_type=\"widget\" data-e-type=\"widget\" data-widget_type=\"text-editor.default\">\n\t\t\t\t<div class=\"elementor-widget-container\">\n\t\t\t\t\t\t\t\t\t<p>100 \u20ac Pr\u00e4mie ab 10.000 \u20ac Depotvolumen<br \/>200 \u20ac Pr\u00e4mie ab 20.000 \u20ac Depotvolumen<br \/>500 \u20ac Pr\u00e4mie ab 50.000 \u20ac Depotvolumen<\/p>\t\t\t\t\t\t\t\t<\/div>\n\t\t\t\t<\/div>\n\t\t\t\t\t<\/div>\n\t\t<\/div>\n\t\t\t\t<div class=\"elementor-column elementor-col-50 elementor-inner-column elementor-element elementor-element-31ad696\" data-id=\"31ad696\" data-element_type=\"column\" data-e-type=\"column\">\n\t\t\t<div class=\"elementor-widget-wrap elementor-element-populated\">\n\t\t\t\t\t\t<div class=\"elementor-element elementor-element-0cdcec6 elementor-widget elementor-widget-text-editor\" data-id=\"0cdcec6\" data-element_type=\"widget\" data-e-type=\"widget\" data-widget_type=\"text-editor.default\">\n\t\t\t\t<div class=\"elementor-widget-container\">\n\t\t\t\t\t\t\t\t\t<p>1.000 \u20ac Pr\u00e4mie ab 100.000 \u20ac Depotvolumen<br \/>2.000 \u20ac Pr\u00e4mie ab 200.000 \u20ac Depotvolumen<br \/>3.000 \u20ac Pr\u00e4mie ab 300.000 \u20ac Depotvolumen<\/p>\t\t\t\t\t\t\t\t<\/div>\n\t\t\t\t<\/div>\n\t\t\t\t\t<\/div>\n\t\t<\/div>\n\t\t\t\t\t<\/div>\n\t\t<\/section>\n\t\t\t\t<div class=\"elementor-element elementor-element-00e6610 elementor-widget elementor-widget-text-editor\" data-id=\"00e6610\" data-element_type=\"widget\" data-e-type=\"widget\" data-widget_type=\"text-editor.default\">\n\t\t\t\t<div class=\"elementor-widget-container\">\n\t\t\t\t\t\t\t\t\t<h5><strong>Nutzen Sie jetzt dieses Angebot und sichern Sie sich diese attraktive Pr\u00e4mie &#8211; schneller verdienen Sie kein Geld!<\/strong><\/h5>\t\t\t\t\t\t\t\t<\/div>\n\t\t\t\t<\/div>\n\t\t\t\t\t<\/div>\n\t\t<\/div>\n\t\t\t\t\t<\/div>\n\t\t<\/section>\n\t\t\t\t<section class=\"elementor-section elementor-top-section elementor-element elementor-element-f890231 elementor-section-boxed elementor-section-height-default elementor-section-height-default\" data-id=\"f890231\" data-element_type=\"section\" data-e-type=\"section\">\n\t\t\t\t\t\t<div class=\"elementor-container elementor-column-gap-default\">\n\t\t\t\t\t<div class=\"elementor-column elementor-col-100 elementor-top-column elementor-element elementor-element-d3ba95b\" data-id=\"d3ba95b\" data-element_type=\"column\" data-e-type=\"column\">\n\t\t\t<div class=\"elementor-widget-wrap elementor-element-populated\">\n\t\t\t\t\t\t<div class=\"elementor-element elementor-element-b398213 elementor-widget elementor-widget-text-editor\" data-id=\"b398213\" data-element_type=\"widget\" data-e-type=\"widget\" data-widget_type=\"text-editor.default\">\n\t\t\t\t<div class=\"elementor-widget-container\">\n\t\t\t\t\t\t\t\t\t<p>Senden Sie hierf\u00fcr das Depot- oder Vermittlerwechselformular zusammen mit Ihrer Depoter\u00f6ffnung und dem Formular zum Erhalt der Wechselpr\u00e4mie an investdiscount.de c\/o Wirtschaftsb\u00fcro Drexler e.K., Talstr. 68 in 61381 Friedrichsdorf\/Ts.<\/p>\t\t\t\t\t\t\t\t<\/div>\n\t\t\t\t<\/div>\n\t\t\t\t\t<\/div>\n\t\t<\/div>\n\t\t\t\t\t<\/div>\n\t\t<\/section>\n\t\t\t\t<section class=\"elementor-section elementor-top-section elementor-element elementor-element-4825953 elementor-section-boxed elementor-section-height-default elementor-section-height-default\" data-id=\"4825953\" data-element_type=\"section\" data-e-type=\"section\">\n\t\t\t\t\t\t<div class=\"elementor-container elementor-column-gap-default\">\n\t\t\t\t\t<div class=\"elementor-column elementor-col-100 elementor-top-column elementor-element elementor-element-26fe0c2\" data-id=\"26fe0c2\" data-element_type=\"column\" data-e-type=\"column\">\n\t\t\t<div class=\"elementor-widget-wrap elementor-element-populated\">\n\t\t\t\t\t\t<div class=\"elementor-element elementor-element-49062cb elementor-widget elementor-widget-text-editor\" data-id=\"49062cb\" data-element_type=\"widget\" data-e-type=\"widget\" data-widget_type=\"text-editor.default\">\n\t\t\t\t<div class=\"elementor-widget-container\">\n\t\t\t\t\t\t\t\t\t<p>Und dies sind die genauen Teilnahmebedingungen zur Depotwechselpr\u00e4mie:<\/p><p class=\"Default\"><span style=\"font-size: 9.0pt;\">Sie erhalten die Pr\u00e4mie bei einem Depot\u00fcbertrag der Fonds von einer Fremdbank zu einem \u00fcber investdiscount.de vermittelten Depot bei\u00a0 unserer Partnerbank. <\/span><\/p><p class=\"Default\"><span style=\"font-size: 9.0pt;\">Sollten Sie bereits ein Depot bei unserer Partnerbank besitzen, erhalten Sie die Pr\u00e4mie, wenn ein Vermittlerwechsel Ihres Fondsdepots zu investdiscount.de durchgef\u00fchrt wird. Zus\u00e4tzlich k\u00f6nnen Sie eine Pr\u00e4mie f\u00fcr einen Kauf von Fondsanteilen in das \u00fcber investdiscount.de vermittelte Depot erhalten. <\/span><\/p><p class=\"Default\"><span style=\"font-size: 9.0pt;\">Auf jeden Fall muss der Gegenwert der \u00fcbertragenen Fondsbest\u00e4nde und der Gegenwert von Neuanlagen, welche zur Pr\u00e4mienberechnung herangezogen werden, ebenso wie die nicht an der P\u00e4mienaktion teilnehmenden Fondsbest\u00e4nde (z.B. von Bestandskunden) <strong>dauerhaft mindestens 24 Monate als Fondsanlage unter Betreuung von investdiscount.de verwahrt werden.<\/strong><\/span><\/p><p class=\"Default\"><span style=\"font-size: 9.0pt;\">Die H\u00f6he der Pr\u00e4mie wird berechnet durch den Wert der \u00fcbertragenen Fondsanteile bei Eingang der Anteile bzw. zum Stichtag des Vermittlerwechsels.\u00a0 <\/span><\/p><p class=\"Default\"><span style=\"font-size: 9.0pt;\">Eventuelle nicht pr\u00e4mienberechtigte Fondsanteile werden nachfolgend genauer erl\u00e4utert:<\/span><\/p><p class=\"Default\"><span style=\"font-size: 9.0pt;\">Bei \u00dcbertragung und Verwahrung bzw. Kauf von folgenden Depotpositionen werden diese genannten Fondsanteile bei der Pr\u00e4mienberechnung nicht ber\u00fccksichtigt: <\/span><\/p><ul><li class=\"Default\"><span style=\"font-size: 9.0pt;\">alle ETFs <\/span><\/li><li class=\"Default\"><span style=\"font-size: 9.0pt;\">Fondsanteile von Deka und Union.Invest<\/span><\/li><li class=\"Default\"><span style=\"font-size: 9.0pt;\">Fonds im Exklusivvertrieb anderer Banken\/Kapitalverwaltungsgesellschaften\/Vermittler, und alle Fonds, f\u00fcr welche investdiscount.de keine Bestandsprovision erh\u00e4lt <\/span><\/li><li class=\"Default\"><span style=\"font-size: 9.0pt;\">Institutionelle Tranchen <\/span><\/li><li class=\"Default\"><span style=\"font-size: 9.0pt;\">Offene Immobilienfonds <\/span><\/li><li class=\"Default\"><span style=\"font-size: 9.0pt;\">In Liquidation befindliche offene Immobilienfonds (z.B. CS Euroreal, KanAm grundinvest, AXA Immoselect, etc.) <\/span><\/li><li class=\"Default\"><span style=\"font-size: 9.0pt;\">Riester-Vertr\u00e4ge\u00a0<\/span><\/li><\/ul><p class=\"Default\"><strong><span style=\"font-size: 9.0pt;\">Die Pr\u00e4mie wird in zwei Tranchen ausgezahlt: Nach Ablauf von 12 Monaten wird die Pr\u00e4mie zu 50% auf das Abwicklungskonto des Depotinhabers ausgezahlt, nach Ablauf weiterer 12 Monate erfolgt die Zahlung der restlichen Pr\u00e4mie in H\u00f6he von 50% auf das Abwicklungskonto. Die Auszahlung der Pr\u00e4mie erfolgt jeweils innerhalb 2-3 Wochen nach dem F\u00e4lligkeitstermin. Insgesamt muss der gesamte Fondsbestand mindestens 24 Monate bei investdiscount.de verbleiben, um die volle Pr\u00e4mie zu erhalten. <\/span><\/strong><\/p>\t\t\t\t\t\t\t\t<\/div>\n\t\t\t\t<\/div>\n\t\t\t\t\t<\/div>\n\t\t<\/div>\n\t\t\t\t\t<\/div>\n\t\t<\/section>\n\t\t\t\t<section class=\"elementor-section elementor-top-section elementor-element elementor-element-5a9002d elementor-section-boxed elementor-section-height-default elementor-section-height-default\" data-id=\"5a9002d\" data-element_type=\"section\" data-e-type=\"section\">\n\t\t\t\t\t\t<div class=\"elementor-container elementor-column-gap-default\">\n\t\t\t\t\t<div class=\"elementor-column elementor-col-100 elementor-top-column elementor-element elementor-element-704fcd4\" data-id=\"704fcd4\" data-element_type=\"column\" data-e-type=\"column\">\n\t\t\t<div class=\"elementor-widget-wrap elementor-element-populated\">\n\t\t\t\t\t\t<div class=\"elementor-element elementor-element-ed70478 elementor-align-center elementor-widget elementor-widget-button\" data-id=\"ed70478\" data-element_type=\"widget\" data-e-type=\"widget\" data-widget_type=\"button.default\">\n\t\t\t\t<div class=\"elementor-widget-container\">\n\t\t\t\t\t\t\t\t\t<div class=\"elementor-button-wrapper\">\n\t\t\t\t\t<a class=\"elementor-button elementor-button-link elementor-size-lg\" href=\"https:\/\/investdiscount.de\/wp-content\/uploads\/2020\/01\/Formular-Wechselpr\u00e4mien.pdf\" target=\"_blank\">\n\t\t\t\t\t\t<span class=\"elementor-button-content-wrapper\">\n\t\t\t\t\t\t<span class=\"elementor-button-icon\">\n\t\t\t\t<i aria-hidden=\"true\" class=\"far fa-arrow-alt-circle-right\"><\/i>\t\t\t<\/span>\n\t\t\t\t\t\t\t\t\t<span class=\"elementor-button-text\">Hier Antrag auf Depotwechselpr\u00e4mie herunterladen<\/span>\n\t\t\t\t\t<\/span>\n\t\t\t\t\t<\/a>\n\t\t\t\t<\/div>\n\t\t\t\t\t\t\t\t<\/div>\n\t\t\t\t<\/div>\n\t\t\t\t\t<\/div>\n\t\t<\/div>\n\t\t\t\t\t<\/div>\n\t\t<\/section>\n\t\t\t\t<\/div>\n\t\t","protected":false},"excerpt":{"rendered":"<p>So rentabel ist der Depotwechsel zu investdiscount.de f\u00fcr Sie Sichern Sie sich eine hohe Barpr\u00e4mie mit Ihrem Depotwechsel zu investdiscount.de und profitieren Sie dauerhaft von unseren besonders g\u00fcnstigen Konditionen &#8211; so machen Sie Ihre Anlagen noch gewinnbringender! Und so einfach ist der Depotwechsel Wenn Sie bereits ein Depot bei einer Depotbank haben, mit der investdiscount.de [&hellip;]<\/p>\n","protected":false},"author":1,"featured_media":0,"parent":0,"menu_order":0,"comment_status":"closed","ping_status":"closed","template":"","meta":{"ocean_post_layout":"","ocean_both_sidebars_style":"","ocean_both_sidebars_content_width":0,"ocean_both_sidebars_sidebars_width":0,"ocean_sidebar":"0","ocean_second_sidebar":"0","ocean_disable_margins":"enable","ocean_add_body_class":"","ocean_shortcode_before_top_bar":"","ocean_shortcode_after_top_bar":"","ocean_shortcode_before_header":"","ocean_shortcode_after_header":"","ocean_has_shortcode":"","ocean_shortcode_after_title":"","ocean_shortcode_before_footer_widgets":"","ocean_shortcode_after_footer_widgets":"","ocean_shortcode_before_footer_bottom":"","ocean_shortcode_after_footer_bottom":"","ocean_display_top_bar":"default","ocean_display_header":"default","ocean_header_style":"","ocean_center_header_left_menu":"0","ocean_custom_header_template":"0","ocean_custom_logo":0,"ocean_custom_retina_logo":0,"ocean_custom_logo_max_width":0,"ocean_custom_logo_tablet_max_width":0,"ocean_custom_logo_mobile_max_width":0,"ocean_custom_logo_max_height":0,"ocean_custom_logo_tablet_max_height":0,"ocean_custom_logo_mobile_max_height":0,"ocean_header_custom_menu":"0","ocean_menu_typo_font_family":"0","ocean_menu_typo_font_subset":"","ocean_menu_typo_font_size":0,"ocean_menu_typo_font_size_tablet":0,"ocean_menu_typo_font_size_mobile":0,"ocean_menu_typo_font_size_unit":"px","ocean_menu_typo_font_weight":"","ocean_menu_typo_font_weight_tablet":"","ocean_menu_typo_font_weight_mobile":"","ocean_menu_typo_transform":"","ocean_menu_typo_transform_tablet":"","ocean_menu_typo_transform_mobile":"","ocean_menu_typo_line_height":0,"ocean_menu_typo_line_height_tablet":0,"ocean_menu_typo_line_height_mobile":0,"ocean_menu_typo_line_height_unit":"","ocean_menu_typo_spacing":0,"ocean_menu_typo_spacing_tablet":0,"ocean_menu_typo_spacing_mobile":0,"ocean_menu_typo_spacing_unit":"","ocean_menu_link_color":"","ocean_menu_link_color_hover":"","ocean_menu_link_color_active":"","ocean_menu_link_background":"","ocean_menu_link_hover_background":"","ocean_menu_link_active_background":"","ocean_menu_social_links_bg":"","ocean_menu_social_hover_links_bg":"","ocean_menu_social_links_color":"","ocean_menu_social_hover_links_color":"","ocean_disable_title":"default","ocean_disable_heading":"default","ocean_post_title":"","ocean_post_subheading":"","ocean_post_title_style":"","ocean_post_title_background_color":"","ocean_post_title_background":0,"ocean_post_title_bg_image_position":"","ocean_post_title_bg_image_attachment":"","ocean_post_title_bg_image_repeat":"","ocean_post_title_bg_image_size":"","ocean_post_title_height":0,"ocean_post_title_bg_overlay":0.5,"ocean_post_title_bg_overlay_color":"","ocean_disable_breadcrumbs":"default","ocean_breadcrumbs_color":"","ocean_breadcrumbs_separator_color":"","ocean_breadcrumbs_links_color":"","ocean_breadcrumbs_links_hover_color":"","ocean_display_footer_widgets":"default","ocean_display_footer_bottom":"default","ocean_custom_footer_template":"0","footnotes":""},"class_list":["post-88","page","type-page","status-publish","hentry","entry"],"_links":{"self":[{"href":"https:\/\/investdiscount.de\/index.php?rest_route=\/wp\/v2\/pages\/88","targetHints":{"allow":["GET"]}}],"collection":[{"href":"https:\/\/investdiscount.de\/index.php?rest_route=\/wp\/v2\/pages"}],"about":[{"href":"https:\/\/investdiscount.de\/index.php?rest_route=\/wp\/v2\/types\/page"}],"author":[{"embeddable":true,"href":"https:\/\/investdiscount.de\/index.php?rest_route=\/wp\/v2\/users\/1"}],"replies":[{"embeddable":true,"href":"https:\/\/investdiscount.de\/index.php?rest_route=%2Fwp%2Fv2%2Fcomments&post=88"}],"version-history":[{"count":12,"href":"https:\/\/investdiscount.de\/index.php?rest_route=\/wp\/v2\/pages\/88\/revisions"}],"predecessor-version":[{"id":119,"href":"https:\/\/investdiscount.de\/index.php?rest_route=\/wp\/v2\/pages\/88\/revisions\/119"}],"wp:attachment":[{"href":"https:\/\/investdiscount.de\/index.php?rest_route=%2Fwp%2Fv2%2Fmedia&parent=88"}],"curies":[{"name":"wp","href":"https:\/\/api.w.org\/{rel}","templated":true}]}}