{"id":6,"date":"2019-12-17T20:39:48","date_gmt":"2019-12-17T19:39:48","guid":{"rendered":"http:\/\/investdiscount.de\/?page_id=6"},"modified":"2024-01-04T19:16:44","modified_gmt":"2024-01-04T18:16:44","slug":"startseite","status":"publish","type":"page","link":"https:\/\/investdiscount.de\/","title":{"rendered":"investdiscount.de"},"content":{"rendered":"\t\t<div data-elementor-type=\"wp-page\" data-elementor-id=\"6\" class=\"elementor elementor-6\">\n\t\t\t\t\t\t<section class=\"elementor-section elementor-top-section elementor-element elementor-element-5076ba57 elementor-section-full_width elementor-section-stretched elementor-section-height-default elementor-section-height-default\" data-id=\"5076ba57\" data-element_type=\"section\" data-e-type=\"section\" data-settings=\"{&quot;background_background&quot;:&quot;classic&quot;,&quot;stretch_section&quot;:&quot;section-stretched&quot;}\">\n\t\t\t\t\t\t\t<div class=\"elementor-background-overlay\"><\/div>\n\t\t\t\t\t\t\t<div class=\"elementor-container elementor-column-gap-default\">\n\t\t\t\t\t<div class=\"elementor-column elementor-col-100 elementor-top-column elementor-element elementor-element-3f163332\" data-id=\"3f163332\" data-element_type=\"column\" data-e-type=\"column\" data-settings=\"{&quot;background_background&quot;:&quot;classic&quot;}\">\n\t\t\t<div class=\"elementor-widget-wrap elementor-element-populated\">\n\t\t\t\t\t\t<div class=\"elementor-element elementor-element-5d49435b elementor-widget elementor-widget-heading\" data-id=\"5d49435b\" data-element_type=\"widget\" data-e-type=\"widget\" data-widget_type=\"heading.default\">\n\t\t\t\t<div class=\"elementor-widget-container\">\n\t\t\t\t\t<h2 class=\"elementor-heading-title elementor-size-medium\">Investmentfonds besonders g\u00fcnstig<\/h2>\t\t\t\t<\/div>\n\t\t\t\t<\/div>\n\t\t\t\t<div class=\"elementor-element elementor-element-4fda6f7 elementor-list-item-link-full_width elementor-widget elementor-widget-icon-list\" data-id=\"4fda6f7\" data-element_type=\"widget\" data-e-type=\"widget\" data-widget_type=\"icon-list.default\">\n\t\t\t\t<div class=\"elementor-widget-container\">\n\t\t\t\t\t\t\t<ul class=\"elementor-icon-list-items\">\n\t\t\t\t\t\t\t<li class=\"elementor-icon-list-item\">\n\t\t\t\t\t\t\t\t\t\t\t<span class=\"elementor-icon-list-icon\">\n\t\t\t\t\t\t\t<i aria-hidden=\"true\" class=\"far fa-thumbs-up\"><\/i>\t\t\t\t\t\t<\/span>\n\t\t\t\t\t\t\t\t\t\t<span class=\"elementor-icon-list-text\"><b>Keine Depotgeb\u00fchren ab 5.000 \u20ac Depotwer<\/b>t<\/span>\n\t\t\t\t\t\t\t\t\t<\/li>\n\t\t\t\t\t\t\t\t<li class=\"elementor-icon-list-item\">\n\t\t\t\t\t\t\t\t\t\t\t<span class=\"elementor-icon-list-icon\">\n\t\t\t\t\t\t\t<i aria-hidden=\"true\" class=\"far fa-thumbs-up\"><\/i>\t\t\t\t\t\t<\/span>\n\t\t\t\t\t\t\t\t\t\t<span class=\"elementor-icon-list-text\"><b>Kein Ausgabeaufschlag auf \u00fcber 5.000 Fonds<\/b><\/span>\n\t\t\t\t\t\t\t\t\t<\/li>\n\t\t\t\t\t\t\t\t<li class=\"elementor-icon-list-item\">\n\t\t\t\t\t\t\t\t\t\t\t<span class=\"elementor-icon-list-icon\">\n\t\t\t\t\t\t\t<i aria-hidden=\"true\" class=\"far fa-thumbs-up\"><\/i>\t\t\t\t\t\t<\/span>\n\t\t\t\t\t\t\t\t\t\t<span class=\"elementor-icon-list-text\"><b>Fondssparpl\u00e4ne ab 25 \u20ac<\/b><\/span>\n\t\t\t\t\t\t\t\t\t<\/li>\n\t\t\t\t\t\t\t\t<li class=\"elementor-icon-list-item\">\n\t\t\t\t\t\t\t\t\t\t\t<span class=\"elementor-icon-list-icon\">\n\t\t\t\t\t\t\t<i aria-hidden=\"true\" class=\"far fa-thumbs-up\"><\/i>\t\t\t\t\t\t<\/span>\n\t\t\t\t\t\t\t\t\t\t<span class=\"elementor-icon-list-text\"><b>Hohe Depotwechselpr\u00e4mie<\/b><\/span>\n\t\t\t\t\t\t\t\t\t<\/li>\n\t\t\t\t\t\t<\/ul>\n\t\t\t\t\t\t<\/div>\n\t\t\t\t<\/div>\n\t\t\t\t<div class=\"elementor-element elementor-element-31d5846a elementor-align-left elementor-widget elementor-widget-button\" data-id=\"31d5846a\" data-element_type=\"widget\" data-e-type=\"widget\" data-widget_type=\"button.default\">\n\t\t\t\t<div class=\"elementor-widget-container\">\n\t\t\t\t\t\t\t\t\t<div class=\"elementor-button-wrapper\">\n\t\t\t\t\t<a class=\"elementor-button elementor-button-link elementor-size-xl\" href=\"https:\/\/www.ffb.de\/public\/depoteroeffnung\/index.html#index?partner=84378c37b789cda1b5e0981fafd9407592d3afadc76f7f2efe4735ee96ba9535917a754de2901866ca9234c0162d9131442b\" target=\"_blank\">\n\t\t\t\t\t\t<span class=\"elementor-button-content-wrapper\">\n\t\t\t\t\t\t\t\t\t<span class=\"elementor-button-text\">Jetzt hier Depot er\u00f6ffnen<\/span>\n\t\t\t\t\t<\/span>\n\t\t\t\t\t<\/a>\n\t\t\t\t<\/div>\n\t\t\t\t\t\t\t\t<\/div>\n\t\t\t\t<\/div>\n\t\t\t\t\t<\/div>\n\t\t<\/div>\n\t\t\t\t\t<\/div>\n\t\t<\/section>\n\t\t\t\t<section class=\"elementor-section elementor-top-section elementor-element elementor-element-169494a4 elementor-section-content-middle elementor-reverse-mobile elementor-section-boxed elementor-section-height-default elementor-section-height-default\" data-id=\"169494a4\" data-element_type=\"section\" data-e-type=\"section\" data-settings=\"{&quot;background_background&quot;:&quot;classic&quot;}\">\n\t\t\t\t\t\t<div class=\"elementor-container elementor-column-gap-default\">\n\t\t\t\t\t<div class=\"elementor-column elementor-col-50 elementor-top-column elementor-element elementor-element-4037c7a3\" data-id=\"4037c7a3\" data-element_type=\"column\" data-e-type=\"column\">\n\t\t\t<div class=\"elementor-widget-wrap elementor-element-populated\">\n\t\t\t\t\t\t<div class=\"elementor-element elementor-element-2a95f2dc elementor-view-default elementor-position-block-start elementor-mobile-position-block-start elementor-widget elementor-widget-icon-box\" data-id=\"2a95f2dc\" data-element_type=\"widget\" data-e-type=\"widget\" data-widget_type=\"icon-box.default\">\n\t\t\t\t<div class=\"elementor-widget-container\">\n\t\t\t\t\t\t\t<div class=\"elementor-icon-box-wrapper\">\n\n\t\t\t\t\t\t<div class=\"elementor-icon-box-icon\">\n\t\t\t\t<span  class=\"elementor-icon\">\n\t\t\t\t<svg xmlns:xlink=\"http:\/\/www.w3.org\/1999\/xlink\" xmlns=\"http:\/\/www.w3.org\/2000\/svg\" id=\"Logotype\" x=\"0px\" y=\"0px\" width=\"4000px\" height=\"3326px\" viewBox=\"0 0 4000 3326\"><defs><\/defs><g transform=\"matrix(18.6046511627907, 0, 0, 18.6046511627907, 400, 400)\"><g><g transform=\"matrix(0.07904817775566977, 0, 0, 0.07904817775566977, -2.2291586127098864, 60.28771346927962)\"><g><path fill=\"#1D8FBD\" d=\"M248.534,180.155L181.917,64.791c-3.649-8.8-10.043-16.121-18.438-20.958   c-20.814-12.024-47.542-4.865-59.561,15.958L36.382,176.772c-1.726,2.393-3.191,4.937-4.388,7.601l-0.193,0.335l0.036,0.021   c-2.384,5.441-3.649,11.363-3.649,17.485c0,24.031,19.563,43.6,43.612,43.6h144.238v-0.568c5.755-0.699,11.365-2.552,16.535-5.529   C253.386,227.691,260.546,200.968,248.534,180.155z M120.581,69.404c6.72-11.634,21.65-15.635,33.296-8.917   c2.545,1.473,4.746,3.373,6.571,5.576l4.085,7.076c0.257,0.701,0.49,1.414,0.685,2.144c1.679,6.287,0.824,12.855-2.441,18.489   l-37.283,64.837h-16.915l41.764-72.772c2.649-4.599,1.063-10.486-3.527-13.139c-4.609-2.655-10.48-1.08-13.142,3.525   l-47.277,82.386H71.799c-0.93,0-1.853,0.039-2.773,0.097L120.581,69.404z M71.799,226.58c-13.441,0-24.373-10.938-24.373-24.366   c0-3.201,0.615-6.306,1.784-9.184l3.299-5.716c0.631-0.814,1.312-1.598,2.052-2.338c4.608-4.602,10.725-7.129,17.237-7.129h74.789   l8.486,14.741H71.146c-5.311,0-9.62,4.309-9.62,9.625c0,5.311,4.309,9.607,9.62,9.607h95l6.866,11.927   c0.561,0.975,1.165,1.913,1.791,2.832H71.799z M222.947,223.058c-5.646,3.247-12.195,4.114-18.488,2.436   c-6.293-1.685-11.536-5.72-14.802-11.354l-31.709-55.124v-0.408h-0.234l-5.019-8.724l8.536-14.836l41.531,72.274   c2.648,4.596,8.532,6.177,13.147,3.521c4.59-2.661,6.164-8.545,3.503-13.142l-47.085-81.943l7.118-12.372   c0.436-0.755,0.839-1.521,1.226-2.294l51.193,88.675C238.584,201.408,234.581,216.337,222.947,223.058z\" id=\"rnd1\"><\/path><\/g><\/g><g transform=\"matrix(0.6009986455835481, 0, 0, 0.6009986455835481, 31.366316933449767, 75.77766888978402)\"><text xml:space=\"preserve\" font-family=\"Baron-Neue-Bold, &quot;Baron Neue Bold&quot;, 'Baron Neue Bold', Baron Neue\" font-size=\"24\" x=\"0\" y=\"0\" fill=\"#1D8FBD\" font-weight=\"bold\" font-style=\"normal\" style=\"font-family:'Baron-Neue-Bold, &quot;Baron Neue Bold&quot;, 'Baron Neue Bold', Baron Neue';font-weight:bold;\">investdiscount. de<\/text><\/g><g><rect transform=\"matrix(0.053473767305306015, 0, 0, 0.053473767305306015, 1.4942430542226166, 63.28224443837675)\" x=\"431\" y=\"0\" width=\"8\" height=\"305\" fill=\"#1D8FBD\"><\/rect><\/g><\/g><\/g><\/svg>\t\t\t\t<\/span>\n\t\t\t<\/div>\n\t\t\t\n\t\t\t\t\t\t<div class=\"elementor-icon-box-content\">\n\n\t\t\t\t\t\t\t\t\t<h1 class=\"elementor-icon-box-title\">\n\t\t\t\t\t\t<span  >\n\t\t\t\t\t\t\tFondsvermittlung zum Nulltarif\t\t\t\t\t\t<\/span>\n\t\t\t\t\t<\/h1>\n\t\t\t\t\n\t\t\t\t\t\t\t\t\t<p class=\"elementor-icon-box-description\">\n\t\t\t\t\t\tWas wir machen, sagt schon unser Name: Wir vermitteln Investmentdepots und Fonds zum Discountpreis.\nSeit Beginn von Investdiscount.de wollen wir nur eines:\nUnseren Kunden die M\u00f6glichkeit geben, verg\u00fcnstigt in Investmentfonds zu investieren und somit Ihre Rendite merklich zu verbessern.\n\nUnsere Kunden k\u00f6nnen ca. 5.000 Fonds mit einem Rabatt von 100% auf den Ausgabeaufschlag kaufen! \nUnsere Kunden zahlen keine Depotgeb\u00fchren!\nNutzen auch Sie unsere Top-Konditionen und werden Sie Kunde von investdiscount.de!\t\t\t\t\t<\/p>\n\t\t\t\t\n\t\t\t<\/div>\n\t\t\t\n\t\t<\/div>\n\t\t\t\t\t\t<\/div>\n\t\t\t\t<\/div>\n\t\t\t\t\t<\/div>\n\t\t<\/div>\n\t\t\t\t<div class=\"elementor-column elementor-col-50 elementor-top-column elementor-element elementor-element-1fb59560\" data-id=\"1fb59560\" data-element_type=\"column\" data-e-type=\"column\">\n\t\t\t<div class=\"elementor-widget-wrap elementor-element-populated\">\n\t\t\t\t\t\t<div class=\"elementor-element elementor-element-63c99254 elementor-widget elementor-widget-image\" data-id=\"63c99254\" data-element_type=\"widget\" data-e-type=\"widget\" data-widget_type=\"image.default\">\n\t\t\t\t<div class=\"elementor-widget-container\">\n\t\t\t\t\t\t\t\t\t\t\t\t\t\t\t<img fetchpriority=\"high\" decoding=\"async\" width=\"300\" height=\"396\" src=\"https:\/\/investdiscount.de\/wp-content\/uploads\/2019\/12\/Johann-Drexler-Versicherungsmakler.jpg\" class=\"attachment-large size-large wp-image-34\" alt=\"\" srcset=\"https:\/\/investdiscount.de\/wp-content\/uploads\/2019\/12\/Johann-Drexler-Versicherungsmakler.jpg 300w, https:\/\/investdiscount.de\/wp-content\/uploads\/2019\/12\/Johann-Drexler-Versicherungsmakler-227x300.jpg 227w\" sizes=\"(max-width: 300px) 100vw, 300px\" \/>\t\t\t\t\t\t\t\t\t\t\t\t\t\t\t<\/div>\n\t\t\t\t<\/div>\n\t\t\t\t\t<\/div>\n\t\t<\/div>\n\t\t\t\t\t<\/div>\n\t\t<\/section>\n\t\t\t\t<section class=\"elementor-section elementor-top-section elementor-element elementor-element-1d819a1d elementor-section-content-middle elementor-section-boxed elementor-section-height-default elementor-section-height-default\" data-id=\"1d819a1d\" data-element_type=\"section\" data-e-type=\"section\" data-settings=\"{&quot;background_background&quot;:&quot;classic&quot;}\">\n\t\t\t\t\t\t<div class=\"elementor-container elementor-column-gap-no\">\n\t\t\t\t\t<div class=\"elementor-column elementor-col-50 elementor-top-column elementor-element elementor-element-3ef2588e\" data-id=\"3ef2588e\" data-element_type=\"column\" data-e-type=\"column\">\n\t\t\t<div class=\"elementor-widget-wrap elementor-element-populated\">\n\t\t\t\t\t\t<div class=\"elementor-element elementor-element-69414d71 elementor-widget elementor-widget-image\" data-id=\"69414d71\" data-element_type=\"widget\" data-e-type=\"widget\" data-widget_type=\"image.default\">\n\t\t\t\t<div class=\"elementor-widget-container\">\n\t\t\t\t\t\t\t\t\t\t\t\t<figure class=\"wp-caption\">\n\t\t\t\t\t\t\t\t\t\t\t<a href=\"https:\/\/www.ffb.de\/public\/depoteroeffnung\/index.html#index?partner=bdb8c213f93dc7637923fd871dd0a16893190f588cc36c3c03c9a8928d7c4525417118db895be19601314d79ff4c9f4a5434\" target=\"_blank\">\n\t\t\t\t\t\t\t<img decoding=\"async\" width=\"240\" height=\"95\" src=\"https:\/\/investdiscount.de\/wp-content\/uploads\/2019\/12\/FFB-logo_spot_600dpi-WinCE-for-FELIX.jpg\" class=\"attachment-1536x1536 size-1536x1536 wp-image-37\" alt=\"\" \/>\t\t\t\t\t\t\t\t<\/a>\n\t\t\t\t\t\t\t\t\t\t\t<figcaption class=\"widget-image-caption wp-caption-text\">Hier klicken f\u00fcr das g\u00fcnstige Depot<\/figcaption>\n\t\t\t\t\t\t\t\t\t\t<\/figure>\n\t\t\t\t\t\t\t\t\t<\/div>\n\t\t\t\t<\/div>\n\t\t\t\t\t<\/div>\n\t\t<\/div>\n\t\t\t\t<div class=\"elementor-column elementor-col-50 elementor-top-column elementor-element elementor-element-1163739\" data-id=\"1163739\" data-element_type=\"column\" data-e-type=\"column\" data-settings=\"{&quot;background_background&quot;:&quot;classic&quot;}\">\n\t\t\t<div class=\"elementor-widget-wrap elementor-element-populated\">\n\t\t\t\t\t\t<div class=\"elementor-element elementor-element-40de6f95 elementor-view-default elementor-widget elementor-widget-icon\" data-id=\"40de6f95\" data-element_type=\"widget\" data-e-type=\"widget\" data-widget_type=\"icon.default\">\n\t\t\t\t<div class=\"elementor-widget-container\">\n\t\t\t\t\t\t\t<div class=\"elementor-icon-wrapper\">\n\t\t\t<div class=\"elementor-icon\">\n\t\t\t<i aria-hidden=\"true\" class=\"far fa-chart-bar\"><\/i>\t\t\t<\/div>\n\t\t<\/div>\n\t\t\t\t\t\t<\/div>\n\t\t\t\t<\/div>\n\t\t\t\t<div class=\"elementor-element elementor-element-39b807c8 elementor-widget elementor-widget-heading\" data-id=\"39b807c8\" data-element_type=\"widget\" data-e-type=\"widget\" data-widget_type=\"heading.default\">\n\t\t\t\t<div class=\"elementor-widget-container\">\n\t\t\t\t\t<h3 class=\"elementor-heading-title elementor-size-large\">Ihr Depot - G\u00fcnstige Konditionen f\u00fcr eine bessere Rendite <\/h3>\t\t\t\t<\/div>\n\t\t\t\t<\/div>\n\t\t\t\t<div class=\"elementor-element elementor-element-69884b6a elementor-widget elementor-widget-text-editor\" data-id=\"69884b6a\" data-element_type=\"widget\" data-e-type=\"widget\" data-widget_type=\"text-editor.default\">\n\t\t\t\t<div class=\"elementor-widget-container\">\n\t\t\t\t\t\t\t\t\t<p>Investdiscount.de verwaltet Ihr Fondsverm\u00f6gen nicht selbst, sondern arbeitet mit einer renommierten Depotbank zusammen, die Ihre Fondsanteile in Ihrem pers\u00f6nlichen Depot sicher verwahrt.<\/p><p>Diese Partnerbank bietet Ihnen einen erstklassigen Service und einen komfortablen Online-Zugang. Bei der Vermittlung Ihres Depots \u00fcber investdiscount.de erhalten Sie zus\u00e4tzlich <strong>dauerhaft g\u00fcnstige Sonderkonditionen<\/strong>!<\/p>\t\t\t\t\t\t\t\t<\/div>\n\t\t\t\t<\/div>\n\t\t\t\t\t<\/div>\n\t\t<\/div>\n\t\t\t\t\t<\/div>\n\t\t<\/section>\n\t\t\t\t<section class=\"elementor-section elementor-top-section elementor-element elementor-element-1c74a526 elementor-section-content-middle elementor-reverse-mobile elementor-section-boxed elementor-section-height-default elementor-section-height-default\" data-id=\"1c74a526\" data-element_type=\"section\" data-e-type=\"section\" data-settings=\"{&quot;background_background&quot;:&quot;classic&quot;}\">\n\t\t\t\t\t\t<div class=\"elementor-container elementor-column-gap-no\">\n\t\t\t\t\t<div class=\"elementor-column elementor-col-50 elementor-top-column elementor-element elementor-element-23ab9efb\" data-id=\"23ab9efb\" data-element_type=\"column\" data-e-type=\"column\" data-settings=\"{&quot;background_background&quot;:&quot;classic&quot;}\">\n\t\t\t<div class=\"elementor-widget-wrap elementor-element-populated\">\n\t\t\t\t\t\t<div class=\"elementor-element elementor-element-93de0ca elementor-view-default elementor-widget elementor-widget-icon\" data-id=\"93de0ca\" data-element_type=\"widget\" data-e-type=\"widget\" data-widget_type=\"icon.default\">\n\t\t\t\t<div class=\"elementor-widget-container\">\n\t\t\t\t\t\t\t<div class=\"elementor-icon-wrapper\">\n\t\t\t<div class=\"elementor-icon\">\n\t\t\t<i aria-hidden=\"true\" class=\"fas fa-sort-amount-up-alt\"><\/i>\t\t\t<\/div>\n\t\t<\/div>\n\t\t\t\t\t\t<\/div>\n\t\t\t\t<\/div>\n\t\t\t\t<div class=\"elementor-element elementor-element-17aacbdd elementor-widget elementor-widget-heading\" data-id=\"17aacbdd\" data-element_type=\"widget\" data-e-type=\"widget\" data-widget_type=\"heading.default\">\n\t\t\t\t<div class=\"elementor-widget-container\">\n\t\t\t\t\t<h3 class=\"elementor-heading-title elementor-size-large\">Hier nochmals alle Vorteile<\/h3>\t\t\t\t<\/div>\n\t\t\t\t<\/div>\n\t\t\t\t<div class=\"elementor-element elementor-element-22d24bf9 elementor-widget elementor-widget-text-editor\" data-id=\"22d24bf9\" data-element_type=\"widget\" data-e-type=\"widget\" data-widget_type=\"text-editor.default\">\n\t\t\t\t<div class=\"elementor-widget-container\">\n\t\t\t\t\t\t\t\t\t<ul><li><h3><strong>Ein kostenloses Depot schon ab 5000 \u20ac Depotwert<\/strong><\/h3><\/li><li><h3><strong>Sichere Verwahrung Ihrer Fonds in Ihrem pers\u00f6nlichen Depot<\/strong><\/h3><\/li><li><h3><strong>0 \u20ac Ausgabeaufschlag bei \u00fcber 5.000 Fonds<\/strong><\/h3><\/li><\/ul><ul><li><h3><strong>Flexible Mindestanlagebetr\u00e4ge<\/strong><\/h3><\/li><li><h3><strong>Sparpl\u00e4ne schon ab 25 \u20ac\/Monat<\/strong><\/h3><\/li><li><h3><strong>Keine zus\u00e4tzlichen Kosten<\/strong><\/h3><\/li><li><h3><strong>Hohe Depotwechselpr\u00e4mien<\/strong><\/h3><\/li><\/ul>\t\t\t\t\t\t\t\t<\/div>\n\t\t\t\t<\/div>\n\t\t\t\t\t<\/div>\n\t\t<\/div>\n\t\t\t\t<div class=\"elementor-column elementor-col-50 elementor-top-column elementor-element elementor-element-4a81375d\" data-id=\"4a81375d\" data-element_type=\"column\" data-e-type=\"column\">\n\t\t\t<div class=\"elementor-widget-wrap elementor-element-populated\">\n\t\t\t\t\t\t<div class=\"elementor-element elementor-element-114823b9 elementor-widget elementor-widget-image\" data-id=\"114823b9\" data-element_type=\"widget\" data-e-type=\"widget\" data-widget_type=\"image.default\">\n\t\t\t\t<div class=\"elementor-widget-container\">\n\t\t\t\t\t\t\t\t\t\t\t\t<figure class=\"wp-caption\">\n\t\t\t\t\t\t\t\t\t\t<img decoding=\"async\" width=\"200\" height=\"300\" src=\"https:\/\/investdiscount.de\/wp-content\/uploads\/2019\/12\/Portrait-im-Garten.jpg\" class=\"attachment-large size-large wp-image-38\" alt=\"\" \/>\t\t\t\t\t\t\t\t\t\t\t<figcaption class=\"widget-image-caption wp-caption-text\">Fragen? Rufen Sie mich einfach an: 06172 72331<\/figcaption>\n\t\t\t\t\t\t\t\t\t\t<\/figure>\n\t\t\t\t\t\t\t\t\t<\/div>\n\t\t\t\t<\/div>\n\t\t\t\t\t<\/div>\n\t\t<\/div>\n\t\t\t\t\t<\/div>\n\t\t<\/section>\n\t\t\t\t<section class=\"elementor-section elementor-top-section elementor-element elementor-element-fbb4793 elementor-section-boxed elementor-section-height-default elementor-section-height-default\" data-id=\"fbb4793\" data-element_type=\"section\" data-e-type=\"section\">\n\t\t\t\t\t\t<div class=\"elementor-container elementor-column-gap-default\">\n\t\t\t\t\t<div class=\"elementor-column elementor-col-100 elementor-top-column elementor-element elementor-element-53e25c1\" data-id=\"53e25c1\" data-element_type=\"column\" data-e-type=\"column\">\n\t\t\t<div class=\"elementor-widget-wrap elementor-element-populated\">\n\t\t\t\t\t\t<div class=\"elementor-element elementor-element-6f5b017 elementor-widget elementor-widget-image\" data-id=\"6f5b017\" data-element_type=\"widget\" data-e-type=\"widget\" data-widget_type=\"image.default\">\n\t\t\t\t<div class=\"elementor-widget-container\">\n\t\t\t\t\t\t\t\t\t\t\t\t\t\t\t<img decoding=\"async\" src=\"https:\/\/investdiscount.de\/wp-content\/plugins\/elementor\/assets\/images\/placeholder.png\" title=\"\" alt=\"\" loading=\"lazy\" \/>\t\t\t\t\t\t\t\t\t\t\t\t\t\t\t<\/div>\n\t\t\t\t<\/div>\n\t\t\t\t\t<\/div>\n\t\t<\/div>\n\t\t\t\t\t<\/div>\n\t\t<\/section>\n\t\t\t\t<section class=\"elementor-section elementor-top-section elementor-element elementor-element-ed74b14 elementor-section-boxed elementor-section-height-default elementor-section-height-default\" data-id=\"ed74b14\" data-element_type=\"section\" data-e-type=\"section\">\n\t\t\t\t\t\t<div class=\"elementor-container elementor-column-gap-default\">\n\t\t\t\t\t<div class=\"elementor-column elementor-col-100 elementor-top-column elementor-element elementor-element-a9e4aac\" data-id=\"a9e4aac\" data-element_type=\"column\" data-e-type=\"column\">\n\t\t\t<div class=\"elementor-widget-wrap elementor-element-populated\">\n\t\t\t\t\t\t<section class=\"elementor-section elementor-inner-section elementor-element elementor-element-aa883f2 elementor-section-boxed elementor-section-height-default elementor-section-height-default\" data-id=\"aa883f2\" data-element_type=\"section\" data-e-type=\"section\">\n\t\t\t\t\t\t<div class=\"elementor-container elementor-column-gap-default\">\n\t\t\t\t\t<div class=\"elementor-column elementor-col-50 elementor-inner-column elementor-element elementor-element-f966878\" data-id=\"f966878\" data-element_type=\"column\" data-e-type=\"column\">\n\t\t\t<div class=\"elementor-widget-wrap\">\n\t\t\t\t\t\t\t<\/div>\n\t\t<\/div>\n\t\t\t\t<div class=\"elementor-column elementor-col-50 elementor-inner-column elementor-element elementor-element-28a4766\" data-id=\"28a4766\" data-element_type=\"column\" data-e-type=\"column\">\n\t\t\t<div class=\"elementor-widget-wrap\">\n\t\t\t\t\t\t\t<\/div>\n\t\t<\/div>\n\t\t\t\t\t<\/div>\n\t\t<\/section>\n\t\t\t\t\t<\/div>\n\t\t<\/div>\n\t\t\t\t\t<\/div>\n\t\t<\/section>\n\t\t\t\t<\/div>\n\t\t","protected":false},"excerpt":{"rendered":"<p>Investmentfonds besonders g\u00fcnstig Keine Depotgeb\u00fchren ab 5.000 \u20ac Depotwert Kein Ausgabeaufschlag auf \u00fcber 5.000 Fonds Fondssparpl\u00e4ne ab 25 \u20ac Hohe Depotwechselpr\u00e4mie Jetzt hier Depot er\u00f6ffnen investdiscount. de Fondsvermittlung zum Nulltarif Was wir machen, sagt schon unser Name: Wir vermitteln Investmentdepots und Fonds zum Discountpreis. Seit Beginn von Investdiscount.de wollen wir nur eines: Unseren Kunden die [&hellip;]<\/p>\n","protected":false},"author":1,"featured_media":0,"parent":0,"menu_order":0,"comment_status":"closed","ping_status":"closed","template":"","meta":{"ocean_post_layout":"","ocean_both_sidebars_style":"","ocean_both_sidebars_content_width":0,"ocean_both_sidebars_sidebars_width":0,"ocean_sidebar":"0","ocean_second_sidebar":"0","ocean_disable_margins":"enable","ocean_add_body_class":"","ocean_shortcode_before_top_bar":"","ocean_shortcode_after_top_bar":"","ocean_shortcode_before_header":"","ocean_shortcode_after_header":"","ocean_has_shortcode":"","ocean_shortcode_after_title":"","ocean_shortcode_before_footer_widgets":"","ocean_shortcode_after_footer_widgets":"","ocean_shortcode_before_footer_bottom":"","ocean_shortcode_after_footer_bottom":"","ocean_display_top_bar":"default","ocean_display_header":"default","ocean_header_style":"","ocean_center_header_left_menu":"0","ocean_custom_header_template":"0","ocean_custom_logo":0,"ocean_custom_retina_logo":0,"ocean_custom_logo_max_width":0,"ocean_custom_logo_tablet_max_width":0,"ocean_custom_logo_mobile_max_width":0,"ocean_custom_logo_max_height":0,"ocean_custom_logo_tablet_max_height":0,"ocean_custom_logo_mobile_max_height":0,"ocean_header_custom_menu":"0","ocean_menu_typo_font_family":"0","ocean_menu_typo_font_subset":"","ocean_menu_typo_font_size":0,"ocean_menu_typo_font_size_tablet":0,"ocean_menu_typo_font_size_mobile":0,"ocean_menu_typo_font_size_unit":"px","ocean_menu_typo_font_weight":"","ocean_menu_typo_font_weight_tablet":"","ocean_menu_typo_font_weight_mobile":"","ocean_menu_typo_transform":"","ocean_menu_typo_transform_tablet":"","ocean_menu_typo_transform_mobile":"","ocean_menu_typo_line_height":0,"ocean_menu_typo_line_height_tablet":0,"ocean_menu_typo_line_height_mobile":0,"ocean_menu_typo_line_height_unit":"","ocean_menu_typo_spacing":0,"ocean_menu_typo_spacing_tablet":0,"ocean_menu_typo_spacing_mobile":0,"ocean_menu_typo_spacing_unit":"","ocean_menu_link_color":"","ocean_menu_link_color_hover":"","ocean_menu_link_color_active":"","ocean_menu_link_background":"","ocean_menu_link_hover_background":"","ocean_menu_link_active_background":"","ocean_menu_social_links_bg":"","ocean_menu_social_hover_links_bg":"","ocean_menu_social_links_color":"","ocean_menu_social_hover_links_color":"","ocean_disable_title":"on","ocean_disable_heading":"default","ocean_post_title":"","ocean_post_subheading":"","ocean_post_title_style":"","ocean_post_title_background_color":"","ocean_post_title_background":0,"ocean_post_title_bg_image_position":"","ocean_post_title_bg_image_attachment":"","ocean_post_title_bg_image_repeat":"","ocean_post_title_bg_image_size":"","ocean_post_title_height":0,"ocean_post_title_bg_overlay":0.5,"ocean_post_title_bg_overlay_color":"","ocean_disable_breadcrumbs":"default","ocean_breadcrumbs_color":"","ocean_breadcrumbs_separator_color":"","ocean_breadcrumbs_links_color":"","ocean_breadcrumbs_links_hover_color":"","ocean_display_footer_widgets":"default","ocean_display_footer_bottom":"default","ocean_custom_footer_template":"0","footnotes":""},"class_list":["post-6","page","type-page","status-publish","hentry","entry"],"_links":{"self":[{"href":"https:\/\/investdiscount.de\/index.php?rest_route=\/wp\/v2\/pages\/6","targetHints":{"allow":["GET"]}}],"collection":[{"href":"https:\/\/investdiscount.de\/index.php?rest_route=\/wp\/v2\/pages"}],"about":[{"href":"https:\/\/investdiscount.de\/index.php?rest_route=\/wp\/v2\/types\/page"}],"author":[{"embeddable":true,"href":"https:\/\/investdiscount.de\/index.php?rest_route=\/wp\/v2\/users\/1"}],"replies":[{"embeddable":true,"href":"https:\/\/investdiscount.de\/index.php?rest_route=%2Fwp%2Fv2%2Fcomments&post=6"}],"version-history":[{"count":43,"href":"https:\/\/investdiscount.de\/index.php?rest_route=\/wp\/v2\/pages\/6\/revisions"}],"predecessor-version":[{"id":177,"href":"https:\/\/investdiscount.de\/index.php?rest_route=\/wp\/v2\/pages\/6\/revisions\/177"}],"wp:attachment":[{"href":"https:\/\/investdiscount.de\/index.php?rest_route=%2Fwp%2Fv2%2Fmedia&parent=6"}],"curies":[{"name":"wp","href":"https:\/\/api.w.org\/{rel}","templated":true}]}}