{"id":53,"date":"2019-12-18T15:57:50","date_gmt":"2019-12-18T14:57:50","guid":{"rendered":"http:\/\/investdiscount.de\/?page_id=53"},"modified":"2019-12-18T16:37:57","modified_gmt":"2019-12-18T15:37:57","slug":"ihre-fragen","status":"publish","type":"page","link":"https:\/\/investdiscount.de\/?page_id=53","title":{"rendered":"Ihre Fragen"},"content":{"rendered":"\t\t<div data-elementor-type=\"wp-page\" data-elementor-id=\"53\" class=\"elementor elementor-53\">\n\t\t\t\t\t\t<section class=\"elementor-section elementor-top-section elementor-element elementor-element-b0f9a3e elementor-section-boxed elementor-section-height-default elementor-section-height-default\" data-id=\"b0f9a3e\" data-element_type=\"section\" data-e-type=\"section\">\n\t\t\t\t\t\t<div class=\"elementor-container elementor-column-gap-default\">\n\t\t\t\t\t<div class=\"elementor-column elementor-col-100 elementor-top-column elementor-element elementor-element-8027e8c\" data-id=\"8027e8c\" data-element_type=\"column\" data-e-type=\"column\">\n\t\t\t<div class=\"elementor-widget-wrap elementor-element-populated\">\n\t\t\t\t\t\t<div class=\"elementor-element elementor-element-e04b461 elementor-widget elementor-widget-text-editor\" data-id=\"e04b461\" data-element_type=\"widget\" data-e-type=\"widget\" data-widget_type=\"text-editor.default\">\n\t\t\t\t<div class=\"elementor-widget-container\">\n\t\t\t\t\t\t\t\t\t<p><strong>investdiscount.de ist gemacht f\u00fcr den kostenbewu\u00dften Anleger, der informiert ist und seine Anlagenentscheidungen selbst trifft und mit investdiscount.de g\u00fcnstig umsetzt. <br \/>Nachstehend hierzu Fragen und Antworten.<\/strong><\/p>\t\t\t\t\t\t\t\t<\/div>\n\t\t\t\t<\/div>\n\t\t\t\t\t<\/div>\n\t\t<\/div>\n\t\t\t\t\t<\/div>\n\t\t<\/section>\n\t\t\t\t<section class=\"elementor-section elementor-top-section elementor-element elementor-element-6daf88e elementor-section-boxed elementor-section-height-default elementor-section-height-default\" data-id=\"6daf88e\" data-element_type=\"section\" data-e-type=\"section\">\n\t\t\t\t\t\t<div class=\"elementor-container elementor-column-gap-default\">\n\t\t\t\t\t<div class=\"elementor-column elementor-col-100 elementor-top-column elementor-element elementor-element-7ee2398\" data-id=\"7ee2398\" data-element_type=\"column\" data-e-type=\"column\">\n\t\t\t<div class=\"elementor-widget-wrap elementor-element-populated\">\n\t\t\t\t\t\t<div class=\"elementor-element elementor-element-9dbbc7a elementor-widget elementor-widget-heading\" data-id=\"9dbbc7a\" data-element_type=\"widget\" data-e-type=\"widget\" data-widget_type=\"heading.default\">\n\t\t\t\t<div class=\"elementor-widget-container\">\n\t\t\t\t\t<h2 class=\"elementor-heading-title elementor-size-default\">Wie arbeitet ein Fondsvermittler<\/h2>\t\t\t\t<\/div>\n\t\t\t\t<\/div>\n\t\t\t\t\t<\/div>\n\t\t<\/div>\n\t\t\t\t\t<\/div>\n\t\t<\/section>\n\t\t\t\t<section class=\"elementor-section elementor-top-section elementor-element elementor-element-5dd3f62 elementor-section-boxed elementor-section-height-default elementor-section-height-default\" data-id=\"5dd3f62\" data-element_type=\"section\" data-e-type=\"section\">\n\t\t\t\t\t\t<div class=\"elementor-container elementor-column-gap-default\">\n\t\t\t\t\t<div class=\"elementor-column elementor-col-100 elementor-top-column elementor-element elementor-element-725d8eb\" data-id=\"725d8eb\" data-element_type=\"column\" data-e-type=\"column\">\n\t\t\t<div class=\"elementor-widget-wrap elementor-element-populated\">\n\t\t\t\t\t\t<div class=\"elementor-element elementor-element-23710f7 elementor-widget elementor-widget-text-editor\" data-id=\"23710f7\" data-element_type=\"widget\" data-e-type=\"widget\" data-widget_type=\"text-editor.default\">\n\t\t\t\t<div class=\"elementor-widget-container\">\n\t\t\t\t\t\t\t\t\t<p>Fondsvermittler wie investdiscount.de bieten Ihnen keine Anlageberatung an, daf\u00fcr erhalten Sie Rabatte und bei uns werden die von den Depotbanken erhobenen Depotgeb\u00fchren f\u00fcr unsere Kunden von uns \u00fcbernommen. Bei uns kaufen Sie fast alle Fonds mit 100% Rabatt auf den Ausgabeaufschlag und erhalten dazu ein kostenloses Depot.<br \/>Anleger, die konkret wissen und selbst entscheiden, in welche Fonds sie anlegen m\u00f6chten, k\u00f6nnen somit bei uns viel Geld sparen.<\/p>\t\t\t\t\t\t\t\t<\/div>\n\t\t\t\t<\/div>\n\t\t\t\t\t<\/div>\n\t\t<\/div>\n\t\t\t\t\t<\/div>\n\t\t<\/section>\n\t\t\t\t<section class=\"elementor-section elementor-top-section elementor-element elementor-element-5643cde elementor-section-boxed elementor-section-height-default elementor-section-height-default\" data-id=\"5643cde\" data-element_type=\"section\" data-e-type=\"section\">\n\t\t\t\t\t\t<div class=\"elementor-container elementor-column-gap-default\">\n\t\t\t\t\t<div class=\"elementor-column elementor-col-100 elementor-top-column elementor-element elementor-element-cefde18\" data-id=\"cefde18\" data-element_type=\"column\" data-e-type=\"column\">\n\t\t\t<div class=\"elementor-widget-wrap elementor-element-populated\">\n\t\t\t\t\t\t<div class=\"elementor-element elementor-element-5f440c9 elementor-widget elementor-widget-heading\" data-id=\"5f440c9\" data-element_type=\"widget\" data-e-type=\"widget\" data-widget_type=\"heading.default\">\n\t\t\t\t<div class=\"elementor-widget-container\">\n\t\t\t\t\t<h2 class=\"elementor-heading-title elementor-size-default\">Warum ist investdiscount.de so g\u00fcnstig<\/h2>\t\t\t\t<\/div>\n\t\t\t\t<\/div>\n\t\t\t\t\t<\/div>\n\t\t<\/div>\n\t\t\t\t\t<\/div>\n\t\t<\/section>\n\t\t\t\t<section class=\"elementor-section elementor-top-section elementor-element elementor-element-9cecd1a elementor-section-boxed elementor-section-height-default elementor-section-height-default\" data-id=\"9cecd1a\" data-element_type=\"section\" data-e-type=\"section\">\n\t\t\t\t\t\t<div class=\"elementor-container elementor-column-gap-default\">\n\t\t\t\t\t<div class=\"elementor-column elementor-col-100 elementor-top-column elementor-element elementor-element-30aa421\" data-id=\"30aa421\" data-element_type=\"column\" data-e-type=\"column\">\n\t\t\t<div class=\"elementor-widget-wrap elementor-element-populated\">\n\t\t\t\t\t\t<div class=\"elementor-element elementor-element-389c154 elementor-widget elementor-widget-text-editor\" data-id=\"389c154\" data-element_type=\"widget\" data-e-type=\"widget\" data-widget_type=\"text-editor.default\">\n\t\t\t\t<div class=\"elementor-widget-container\">\n\t\t\t\t\t\t\t\t\t<p>Im Allgemeinen zahlen K\u00e4ufer von Fonds einen Ausgabeaufschlag. \u00a0Hierbei handelt es sich um eine Art Aufpreis, der beim Erwerb anf\u00e4llt und meist 3 &#8211; 6 % der Investitionssumme betr\u00e4gt. Bei einer Anlagesumme von z.B. 20.000 Euro schl\u00e4gt ein Ausgabeaufschlag von 5% mit 1.000 Euro zu Buche &#8211; dieser Betrag muss erst einmal wieder erwirtschaftet werden. Investdiscount.de gew\u00e4hrt Ihnen bei fast allen Fonds 100% Rabatt auf den Ausgabeaufschlag, d.h. der Ausgabeaufschlag entf\u00e4llt. So sparen Sie bei uns schnell erhebliche Betr\u00e4ge ein und erhalten dadurch viel bessere Renditen. <br \/>Au\u00dferdem zahlen wir die Depotf\u00fchrungskosten der Kunden in fast allen F\u00e4llen, was ebenfalls Ihre Rendite erh\u00f6ht.<\/p>\t\t\t\t\t\t\t\t<\/div>\n\t\t\t\t<\/div>\n\t\t\t\t\t<\/div>\n\t\t<\/div>\n\t\t\t\t\t<\/div>\n\t\t<\/section>\n\t\t\t\t<section class=\"elementor-section elementor-top-section elementor-element elementor-element-d127719 elementor-section-boxed elementor-section-height-default elementor-section-height-default\" data-id=\"d127719\" data-element_type=\"section\" data-e-type=\"section\">\n\t\t\t\t\t\t<div class=\"elementor-container elementor-column-gap-default\">\n\t\t\t\t\t<div class=\"elementor-column elementor-col-100 elementor-top-column elementor-element elementor-element-3a02b04\" data-id=\"3a02b04\" data-element_type=\"column\" data-e-type=\"column\">\n\t\t\t<div class=\"elementor-widget-wrap elementor-element-populated\">\n\t\t\t\t\t\t<div class=\"elementor-element elementor-element-33fce8d elementor-widget elementor-widget-heading\" data-id=\"33fce8d\" data-element_type=\"widget\" data-e-type=\"widget\" data-widget_type=\"heading.default\">\n\t\t\t\t<div class=\"elementor-widget-container\">\n\t\t\t\t\t<h2 class=\"elementor-heading-title elementor-size-default\">Wie verdient investdiscount.de sein Geld<\/h2>\t\t\t\t<\/div>\n\t\t\t\t<\/div>\n\t\t\t\t\t<\/div>\n\t\t<\/div>\n\t\t\t\t\t<\/div>\n\t\t<\/section>\n\t\t\t\t<section class=\"elementor-section elementor-top-section elementor-element elementor-element-9a40c70 elementor-section-boxed elementor-section-height-default elementor-section-height-default\" data-id=\"9a40c70\" data-element_type=\"section\" data-e-type=\"section\">\n\t\t\t\t\t\t<div class=\"elementor-container elementor-column-gap-default\">\n\t\t\t\t\t<div class=\"elementor-column elementor-col-100 elementor-top-column elementor-element elementor-element-9ab7f0d\" data-id=\"9ab7f0d\" data-element_type=\"column\" data-e-type=\"column\">\n\t\t\t<div class=\"elementor-widget-wrap elementor-element-populated\">\n\t\t\t\t\t\t<div class=\"elementor-element elementor-element-aab8423 elementor-widget elementor-widget-text-editor\" data-id=\"aab8423\" data-element_type=\"widget\" data-e-type=\"widget\" data-widget_type=\"text-editor.default\">\n\t\t\t\t<div class=\"elementor-widget-container\">\n\t\t\t\t\t\t\t\t\t<p>Wir erhalten f\u00fcr den Zeitraum der Haltedauer des Fonds \u00fcber unsere Partner-Depotbanken eine Bestandsverg\u00fctung, welche die einzelnen Fondsgesellschaften aus der Managementgeb\u00fchr bezahlen. Diese Managementgeb\u00fchren fallen bei Fonds generell an &#8211; unabh\u00e4ngig davon, wo die Fondsanteile gekauft werden &#8211; und sind bereits im Fondspreis enthalten.<\/p>\t\t\t\t\t\t\t\t<\/div>\n\t\t\t\t<\/div>\n\t\t\t\t\t<\/div>\n\t\t<\/div>\n\t\t\t\t\t<\/div>\n\t\t<\/section>\n\t\t\t\t<section class=\"elementor-section elementor-top-section elementor-element elementor-element-af60b7e elementor-section-boxed elementor-section-height-default elementor-section-height-default\" data-id=\"af60b7e\" data-element_type=\"section\" data-e-type=\"section\">\n\t\t\t\t\t\t<div class=\"elementor-container elementor-column-gap-default\">\n\t\t\t\t\t<div class=\"elementor-column elementor-col-100 elementor-top-column elementor-element elementor-element-0c769d9\" data-id=\"0c769d9\" data-element_type=\"column\" data-e-type=\"column\">\n\t\t\t<div class=\"elementor-widget-wrap elementor-element-populated\">\n\t\t\t\t\t\t<div class=\"elementor-element elementor-element-4f0d4e9 elementor-widget elementor-widget-heading\" data-id=\"4f0d4e9\" data-element_type=\"widget\" data-e-type=\"widget\" data-widget_type=\"heading.default\">\n\t\t\t\t<div class=\"elementor-widget-container\">\n\t\t\t\t\t<h2 class=\"elementor-heading-title elementor-size-default\">Gibt es bei investdiscount.de eine Anlageberatung<\/h2>\t\t\t\t<\/div>\n\t\t\t\t<\/div>\n\t\t\t\t\t<\/div>\n\t\t<\/div>\n\t\t\t\t\t<\/div>\n\t\t<\/section>\n\t\t\t\t<section class=\"elementor-section elementor-top-section elementor-element elementor-element-118c32c elementor-section-boxed elementor-section-height-default elementor-section-height-default\" data-id=\"118c32c\" data-element_type=\"section\" data-e-type=\"section\">\n\t\t\t\t\t\t<div class=\"elementor-container elementor-column-gap-default\">\n\t\t\t\t\t<div class=\"elementor-column elementor-col-100 elementor-top-column elementor-element elementor-element-10009c7\" data-id=\"10009c7\" data-element_type=\"column\" data-e-type=\"column\">\n\t\t\t<div class=\"elementor-widget-wrap elementor-element-populated\">\n\t\t\t\t\t\t<div class=\"elementor-element elementor-element-569957a elementor-widget elementor-widget-text-editor\" data-id=\"569957a\" data-element_type=\"widget\" data-e-type=\"widget\" data-widget_type=\"text-editor.default\">\n\t\t\t\t<div class=\"elementor-widget-container\">\n\t\t\t\t\t\t\t\t\t<p>Nein, investdiscount.de erbringt generell keinerlei Anlageberatung. Unser Service richtet sich an Anleger, die ganz bewusst auf eine kostenintensive Beratung verzichten und die Ihre Anlageentscheidungen eigenst\u00e4ndig treffen. Diese k\u00f6nnen somit selbst\u00e4ndig zu unseren g\u00fcnstigen Konditionen realisiert werden.<\/p><p>Diejenige Anlager, die Ihre Anlageentscheidungen lieber mit professioneller Hilfe eines Beraters treffen m\u00f6chten, finden auf der Seite <a href=\"http:\/\/www.wirtschaftsbuero.de\">www.wirtschaftsbuero.de<\/a> alle passenden M\u00f6glichkeiten.<\/p>\t\t\t\t\t\t\t\t<\/div>\n\t\t\t\t<\/div>\n\t\t\t\t\t<\/div>\n\t\t<\/div>\n\t\t\t\t\t<\/div>\n\t\t<\/section>\n\t\t\t\t<section class=\"elementor-section elementor-top-section elementor-element elementor-element-e698090 elementor-section-boxed elementor-section-height-default elementor-section-height-default\" data-id=\"e698090\" data-element_type=\"section\" data-e-type=\"section\">\n\t\t\t\t\t\t<div class=\"elementor-container elementor-column-gap-default\">\n\t\t\t\t\t<div class=\"elementor-column elementor-col-100 elementor-top-column elementor-element elementor-element-605915a\" data-id=\"605915a\" data-element_type=\"column\" data-e-type=\"column\">\n\t\t\t<div class=\"elementor-widget-wrap elementor-element-populated\">\n\t\t\t\t\t\t<div class=\"elementor-element elementor-element-fbafebf elementor-widget elementor-widget-heading\" data-id=\"fbafebf\" data-element_type=\"widget\" data-e-type=\"widget\" data-widget_type=\"heading.default\">\n\t\t\t\t<div class=\"elementor-widget-container\">\n\t\t\t\t\t<h2 class=\"elementor-heading-title elementor-size-default\">Wie sicher ist Ihr Geld bei investdiscount.de<\/h2>\t\t\t\t<\/div>\n\t\t\t\t<\/div>\n\t\t\t\t\t<\/div>\n\t\t<\/div>\n\t\t\t\t\t<\/div>\n\t\t<\/section>\n\t\t\t\t<section class=\"elementor-section elementor-top-section elementor-element elementor-element-c45fd91 elementor-section-boxed elementor-section-height-default elementor-section-height-default\" data-id=\"c45fd91\" data-element_type=\"section\" data-e-type=\"section\">\n\t\t\t\t\t\t<div class=\"elementor-container elementor-column-gap-default\">\n\t\t\t\t\t<div class=\"elementor-column elementor-col-100 elementor-top-column elementor-element elementor-element-c459cfd\" data-id=\"c459cfd\" data-element_type=\"column\" data-e-type=\"column\">\n\t\t\t<div class=\"elementor-widget-wrap elementor-element-populated\">\n\t\t\t\t\t\t<div class=\"elementor-element elementor-element-892c3c8 elementor-widget elementor-widget-text-editor\" data-id=\"892c3c8\" data-element_type=\"widget\" data-e-type=\"widget\" data-widget_type=\"text-editor.default\">\n\t\t\t\t<div class=\"elementor-widget-container\">\n\t\t\t\t\t\t\t\t\t<p>investdiscount.de verwaltet das Verm\u00f6gen der Anleger nicht selbst. Um Fonds kaufen zu k\u00f6nnen, erhalten Sie ein pers\u00f6nliches Depot bei einer unserer deutschen Partnerbanken. In diesem Depot werden Ihre Fondsanteile sicher verwahrt.<br \/>\u00dcber Ihren pers\u00f6nlichen Online-Zugang haben Sie jederzeit Einsicht und Zugriff auf Ihr Depot und k\u00f6nnen Transaktionen (z.B. K\u00e4ufe und Verk\u00e4ufe) durchf\u00fchren.<br \/><strong>investdiscount.de hat keinerlei Transaktionsm\u00f6glichkeiten und keinen Zugriff auf Ihr Depot.<\/strong><br \/>investdiscount.de nimmt grunds\u00e4tzlich keine Kundengelder entgegen. Die Geldfl\u00fcsse erfolgen ausschlie\u00dflich zwischen der Hausbank des Kunden sowie der ausgew\u00e4hlten Depotbank. Ihre Fonds werden sicher in Ihrem pers\u00f6nlichen Depot bei der ausgew\u00e4hlten Depotbank verwahrt.<br \/>Durch die Vermittlung Ihres Depots veranlassen Sie lediglich, dass investdiscount.de als Vermittler f\u00fcr Ihr Depot &#8222;hinterlegt&#8220; wird. Dies ist notwendig, damit die Depotbank unsere Konditionen in Ihrem Depot hinterlegen kann. Die Vermittlung beinhaltet keine Vollmacht f\u00fcr Ihr Depot. Wir k\u00f6nnen also nichts gegen Ihren Willen oder Ihr Wissen veranlassen.<\/p>\t\t\t\t\t\t\t\t<\/div>\n\t\t\t\t<\/div>\n\t\t\t\t\t<\/div>\n\t\t<\/div>\n\t\t\t\t\t<\/div>\n\t\t<\/section>\n\t\t\t\t<\/div>\n\t\t","protected":false},"excerpt":{"rendered":"<p>investdiscount.de ist gemacht f\u00fcr den kostenbewu\u00dften Anleger, der informiert ist und seine Anlagenentscheidungen selbst trifft und mit investdiscount.de g\u00fcnstig umsetzt. Nachstehend hierzu Fragen und Antworten. Wie arbeitet ein Fondsvermittler Fondsvermittler wie investdiscount.de bieten Ihnen keine Anlageberatung an, daf\u00fcr erhalten Sie Rabatte und bei uns werden die von den Depotbanken erhobenen Depotgeb\u00fchren f\u00fcr unsere Kunden von [&hellip;]<\/p>\n","protected":false},"author":1,"featured_media":0,"parent":0,"menu_order":0,"comment_status":"closed","ping_status":"closed","template":"","meta":{"ocean_post_layout":"","ocean_both_sidebars_style":"","ocean_both_sidebars_content_width":0,"ocean_both_sidebars_sidebars_width":0,"ocean_sidebar":"0","ocean_second_sidebar":"0","ocean_disable_margins":"enable","ocean_add_body_class":"","ocean_shortcode_before_top_bar":"","ocean_shortcode_after_top_bar":"","ocean_shortcode_before_header":"","ocean_shortcode_after_header":"","ocean_has_shortcode":"","ocean_shortcode_after_title":"","ocean_shortcode_before_footer_widgets":"","ocean_shortcode_after_footer_widgets":"","ocean_shortcode_before_footer_bottom":"","ocean_shortcode_after_footer_bottom":"","ocean_display_top_bar":"default","ocean_display_header":"default","ocean_header_style":"","ocean_center_header_left_menu":"0","ocean_custom_header_template":"0","ocean_custom_logo":0,"ocean_custom_retina_logo":0,"ocean_custom_logo_max_width":0,"ocean_custom_logo_tablet_max_width":0,"ocean_custom_logo_mobile_max_width":0,"ocean_custom_logo_max_height":0,"ocean_custom_logo_tablet_max_height":0,"ocean_custom_logo_mobile_max_height":0,"ocean_header_custom_menu":"0","ocean_menu_typo_font_family":"0","ocean_menu_typo_font_subset":"","ocean_menu_typo_font_size":0,"ocean_menu_typo_font_size_tablet":0,"ocean_menu_typo_font_size_mobile":0,"ocean_menu_typo_font_size_unit":"px","ocean_menu_typo_font_weight":"","ocean_menu_typo_font_weight_tablet":"","ocean_menu_typo_font_weight_mobile":"","ocean_menu_typo_transform":"","ocean_menu_typo_transform_tablet":"","ocean_menu_typo_transform_mobile":"","ocean_menu_typo_line_height":0,"ocean_menu_typo_line_height_tablet":0,"ocean_menu_typo_line_height_mobile":0,"ocean_menu_typo_line_height_unit":"","ocean_menu_typo_spacing":0,"ocean_menu_typo_spacing_tablet":0,"ocean_menu_typo_spacing_mobile":0,"ocean_menu_typo_spacing_unit":"","ocean_menu_link_color":"","ocean_menu_link_color_hover":"","ocean_menu_link_color_active":"","ocean_menu_link_background":"","ocean_menu_link_hover_background":"","ocean_menu_link_active_background":"","ocean_menu_social_links_bg":"","ocean_menu_social_hover_links_bg":"","ocean_menu_social_links_color":"","ocean_menu_social_hover_links_color":"","ocean_disable_title":"default","ocean_disable_heading":"default","ocean_post_title":"","ocean_post_subheading":"","ocean_post_title_style":"","ocean_post_title_background_color":"","ocean_post_title_background":0,"ocean_post_title_bg_image_position":"","ocean_post_title_bg_image_attachment":"","ocean_post_title_bg_image_repeat":"","ocean_post_title_bg_image_size":"","ocean_post_title_height":0,"ocean_post_title_bg_overlay":0.5,"ocean_post_title_bg_overlay_color":"","ocean_disable_breadcrumbs":"default","ocean_breadcrumbs_color":"","ocean_breadcrumbs_separator_color":"","ocean_breadcrumbs_links_color":"","ocean_breadcrumbs_links_hover_color":"","ocean_display_footer_widgets":"default","ocean_display_footer_bottom":"default","ocean_custom_footer_template":"0","footnotes":""},"class_list":["post-53","page","type-page","status-publish","hentry","entry"],"_links":{"self":[{"href":"https:\/\/investdiscount.de\/index.php?rest_route=\/wp\/v2\/pages\/53","targetHints":{"allow":["GET"]}}],"collection":[{"href":"https:\/\/investdiscount.de\/index.php?rest_route=\/wp\/v2\/pages"}],"about":[{"href":"https:\/\/investdiscount.de\/index.php?rest_route=\/wp\/v2\/types\/page"}],"author":[{"embeddable":true,"href":"https:\/\/investdiscount.de\/index.php?rest_route=\/wp\/v2\/users\/1"}],"replies":[{"embeddable":true,"href":"https:\/\/investdiscount.de\/index.php?rest_route=%2Fwp%2Fv2%2Fcomments&post=53"}],"version-history":[{"count":6,"href":"https:\/\/investdiscount.de\/index.php?rest_route=\/wp\/v2\/pages\/53\/revisions"}],"predecessor-version":[{"id":64,"href":"https:\/\/investdiscount.de\/index.php?rest_route=\/wp\/v2\/pages\/53\/revisions\/64"}],"wp:attachment":[{"href":"https:\/\/investdiscount.de\/index.php?rest_route=%2Fwp%2Fv2%2Fmedia&parent=53"}],"curies":[{"name":"wp","href":"https:\/\/api.w.org\/{rel}","templated":true}]}}